{"id":3,"date":"2019-03-05T08:52:36","date_gmt":"2019-03-05T07:52:36","guid":{"rendered":"https:\/\/eq-clinic.com\/?page_id=3"},"modified":"2026-01-12T14:39:45","modified_gmt":"2026-01-12T13:39:45","slug":"privatlivspolitik","status":"publish","type":"page","link":"https:\/\/eq-clinic.com\/hu\/privatlivspolitik\/","title":{"rendered":"Adatv\u00e9delmi szab\u00e1lyzat"},"content":{"rendered":"<div data-elementor-type=\"wp-post\" data-elementor-id=\"3\" class=\"elementor elementor-3\" data-elementor-post-type=\"page\">\n\t\t\t\t<div class=\"elementor-element elementor-element-3c613b1 e-flex e-con-boxed e-con e-parent\" data-id=\"3c613b1\" data-element_type=\"container\" data-e-type=\"container\" data-settings=\"{&quot;background_background&quot;:&quot;classic&quot;}\">\n\t\t\t\t\t<div class=\"e-con-inner\">\n\t\t\t\t<div class=\"elementor-element elementor-element-028d3d2 elementor-widget elementor-widget-text-editor\" data-id=\"028d3d2\" data-element_type=\"widget\" data-e-type=\"widget\" data-widget_type=\"text-editor.default\">\n\t\t\t\t<div class=\"elementor-widget-container\">\n\t\t\t\t\t\t\t\t\t<p><strong><span style=\"font-size: 28px;\">Felhaszn\u00e1l\u00e1si Felt\u00e9telek \u2014 EQ Clinic (Online Klinika)<\/span><\/strong><br \/><em><span style=\"font-size: 16px;\">Verzi\u00f3: 2025<\/span><\/em><\/p><p><strong><span style=\"font-size: 20px;\">1. bevezet\u00e9s<\/span><\/strong><br \/><span style=\"font-size: 16px;\">Jelen Felhaszn\u00e1l\u00e1si Felt\u00e9telek (\u201eFelt\u00e9telek\u201d) szab\u00e1lyozz\u00e1k az EQ Clinic (\u201eKlinika\u201d) szolg\u00e1ltat\u00e1sainak ig\u00e9nybev\u00e9tel\u00e9t, amely online pszichi\u00e1triai, eg\u00e9szs\u00e9g\u00fcgyi \u00e9s alternat\u00edv kezel\u00e9seket ny\u00fajt digit\u00e1lis platformokon kereszt\u00fcl, bele\u00e9rtve a vide\u00f3-, telefon- \u00e9s chatkonzult\u00e1ci\u00f3kat. A Klinika szolg\u00e1ltat\u00e1sainak haszn\u00e1lat\u00e1val \u00d6n elfogadja jelen Felt\u00e9teleket \u00e9s a Klinika Adatkezel\u00e9si T\u00e1j\u00e9koztat\u00f3j\u00e1t.<\/span><\/p><p><strong><span style=\"font-size: 20px;\">2. Szem\u00e9lyes adatok kezel\u00e9se<\/span><\/strong><br \/><span style=\"font-size: 16px;\">Az EQ Clinic szem\u00e9lyes adatokat gy\u0171jt \u00e9s kezel digit\u00e1lis vizsg\u00e1lat, diagnosztika \u00e9s kezel\u00e9s c\u00e9lj\u00e1b\u00f3l. Az adatkezel\u00e9s a GDPR, a d\u00e1n adatv\u00e9delmi t\u00f6rv\u00e9ny, az eg\u00e9szs\u00e9g\u00fcgyi t\u00f6rv\u00e9ny, az enged\u00e9lyez\u00e9si t\u00f6rv\u00e9ny, az eg\u00e9szs\u00e9g\u00fcgyi dokument\u00e1ci\u00f3ra vonatkoz\u00f3 rendelet, valamint egy\u00e9b relev\u00e1ns d\u00e1n eg\u00e9szs\u00e9g\u00fcgyi jogszab\u00e1lyok szerint t\u00f6rt\u00e9nik.<\/span><\/p><p><strong><span style=\"font-size: 18px;\">2.1 Kezelt adatok t\u00edpusai<\/span><\/strong><br \/><span style=\"font-size: 16px;\"><strong>\u00c1ltal\u00e1nos szem\u00e9lyes adatok:<\/strong> n\u00e9v, c\u00edm, el\u00e9rhet\u0151s\u00e9gek, szem\u00e9lyi azonos\u00edt\u00f3 sz\u00e1m, csal\u00e1di \u00e9s szoci\u00e1lis k\u00f6r\u00fclm\u00e9nyek, munk\u00e1ra \u00e9s tanulm\u00e1nyokra vonatkoz\u00f3 adatok.<\/span><\/p><p><span style=\"font-size: 16px;\"><strong>K\u00fcl\u00f6nleges (\u00e9rz\u00e9keny) szem\u00e9lyes adatok:<\/strong> eg\u00e9szs\u00e9g\u00fcgyi adatok (k\u00f3rlap, vizsg\u00e1lati eredm\u00e9nyek, szakmai \u00e9rt\u00e9kel\u00e9sek stb.), szexu\u00e1lis \u00e9letre vonatkoz\u00f3 adatok, faji\/etnikai hovatartoz\u00e1s, vall\u00e1si meggy\u0151z\u0151d\u00e9s.<\/span><\/p><p><span style=\"font-size: 16px;\">Ezen adatokat digit\u00e1lisan kezelj\u00fck online konzult\u00e1ci\u00f3k \u00e9s elektronikus kommunik\u00e1ci\u00f3 sor\u00e1n.<\/span><\/p><p><strong><span style=\"font-size: 20px;\">3. Az adatkezel\u00e9s c\u00e9lja<\/span><\/strong><br \/><span style=\"font-size: 16px;\">Az EQ Clinic szem\u00e9lyes adatokat kezel annak \u00e9rdek\u00e9ben, hogy:<\/span><\/p><p><span style=\"font-size: 16px;\">1. Online vizsg\u00e1latot, diagnosztik\u00e1t \u00e9s kezel\u00e9st v\u00e9gezzen<br \/>2. Receptek \u00e9s gy\u00f3gyszerfel\u00edr\u00e1sok kiad\u00e1s\u00e1t biztos\u00edtsa<br \/>3. Orvosi igazol\u00e1sokat \u00e9s szakv\u00e9lem\u00e9nyeket k\u00e9sz\u00edtsen<br \/>4. M\u00e1s eg\u00e9szs\u00e9g\u00fcgyi szakemberekkel biztons\u00e1gos digit\u00e1lis csatorn\u00e1kon kommunik\u00e1ljon<br \/>5. Laborvizsg\u00e1latokat rendeljen el<br \/>6. Adatokat jelentsen klinikai min\u0151s\u00e9gbiztos\u00edt\u00e1si adatb\u00e1zisokba<br \/>7. Teljes\u00edtse a jogszab\u00e1lyban el\u0151\u00edrt dokument\u00e1ci\u00f3s \u00e9s nyilv\u00e1ntart\u00e1si k\u00f6telezetts\u00e9geket<br \/>8. Biztos\u00edtsa a Klinika digit\u00e1lis rendszereinek m\u0171k\u00f6d\u00e9s\u00e9t, biztons\u00e1g\u00e1t \u00e9s teljes\u00edtm\u00e9ny\u00e9t<br \/>9. Panaszokat, megkeres\u00e9seket \u00e9s hat\u00f3s\u00e1gi ellen\u0151rz\u00e9seket kezeljen<\/span><\/p><p><strong><span style=\"font-size: 20px;\">4. \u00d6nk\u00e9ntess\u00e9g<\/span><\/strong><br \/><span style=\"font-size: 16px;\">Amennyiben az adatokat k\u00f6zvetlen\u00fcl \u00d6nt\u0151l gy\u0171jtj\u00fck, azokat \u00f6nk\u00e9ntesen adja meg. A sz\u00fcks\u00e9ges adatok hi\u00e1ny\u00e1ban az EQ Clinic nem tud vizsg\u00e1latot vagy kezel\u00e9st ny\u00fajtani.<\/span><\/p><p><strong><span style=\"font-size: 20px;\">5. Forr\u00e1sok<\/span><\/strong><br \/><span style=\"font-size: 16px;\">Az EQ Clinic adatokat gy\u0171jt \u2013 t\u00e1j\u00e9kozott beleegyez\u00e9ssel \u2013 \u00d6nt\u0151l, m\u00e1s eg\u00e9szs\u00e9g\u00fcgyi szakemberekt\u0151l, beutal\u00f3 orvosokt\u00f3l, k\u00f3rh\u00e1zakt\u00f3l, elektronikus eg\u00e9szs\u00e9g\u00fcgyi nyilv\u00e1ntart\u00e1sokb\u00f3l \u00e9s digit\u00e1lis eg\u00e9szs\u00e9g\u00fcgyi rendszerekb\u0151l.<\/span><\/p><p><strong><span style=\"font-size: 20px;\">6. Adattov\u00e1bb\u00edt\u00e1s<\/span><\/strong><br \/><span style=\"font-size: 16px;\">Az EQ Clinic akkor tov\u00e1bb\u00edt szem\u00e9lyes adatokat, ha az a kezel\u00e9shez sz\u00fcks\u00e9ges, jogszab\u00e1ly \u00edrja el\u0151, vagy az \u00d6n hozz\u00e1j\u00e1rul\u00e1s\u00e1n alapul. Ez mag\u00e1ban foglalhatja az adatok megoszt\u00e1s\u00e1t m\u00e1s eg\u00e9szs\u00e9g\u00fcgyi szakemberekkel, k\u00f3rh\u00e1zi laborat\u00f3riumokkal, gy\u00f3gyszert\u00e1rakkal, a d\u00e1n Gy\u00f3gyszer\u00fcgyn\u00f6ks\u00e9ggel, region\u00e1lis vagy biztos\u00edt\u00f3i elsz\u00e1mol\u00f3 szervezetekkel, klinikai min\u0151s\u00e9gbiztos\u00edt\u00e1si adatb\u00e1zisokkal \u00e9s hat\u00f3s\u00e1gokkal.<\/span><\/p><p><span style=\"font-size: 16px;\">Hozz\u00e1tartoz\u00f3k vagy biztos\u00edt\u00f3k r\u00e9sz\u00e9re t\u00f6rt\u00e9n\u0151 adattov\u00e1bb\u00edt\u00e1shoz kifejezett hozz\u00e1j\u00e1rul\u00e1s sz\u00fcks\u00e9ges.<\/span><\/p><p><strong><span style=\"font-size: 20px;\">7. Digit\u00e1lis kommunik\u00e1ci\u00f3 \u00e9s biztons\u00e1g<\/span><\/strong><br \/><span style=\"font-size: 16px;\">Az EQ Clinic eg\u00e9szs\u00e9g\u00fcgyi kommunik\u00e1ci\u00f3ra tan\u00fas\u00edtott, biztons\u00e1gos digit\u00e1lis platformokat haszn\u00e1l, bele\u00e9rtve a biztons\u00e1gos videokonzult\u00e1ci\u00f3t, titkos\u00edtott cseveg\u00e9st, titkos\u00edtott e-mail\/\u00fczenetk\u00fcld\u0151 rendszereket \u00e9s biztons\u00e1gos szervert\u00e1rol\u00e1st. Technikai \u00e9s szervez\u00e9si int\u00e9zked\u00e9sek v\u00e9dik az adatokat hackert\u00e1mad\u00e1sok, adatv\u00e9delmi incidensek \u00e9s jogosulatlan hozz\u00e1f\u00e9r\u00e9s ellen.<\/span><\/p><p><strong><span style=\"font-size: 20px;\">8. Adatfeldolgoz\u00f3k ig\u00e9nybev\u00e9tele<\/span><\/strong><br \/><span style=\"font-size: 16px;\">Az EQ Clinic jogosult adatfeldolgoz\u00f3kat vesz ig\u00e9nybe, p\u00e9ld\u00e1ul a Therapeutbooking A\/S-t a digit\u00e1lis rendszerek \u00fczemeltet\u00e9s\u00e9re. Az adatfeldolgoz\u00f3k kiz\u00e1r\u00f3lag az EQ Clinic utas\u00edt\u00e1sai alapj\u00e1n j\u00e1rnak el.<\/span><\/p><p><span style=\"font-size: 16px;\">Ide tartozhatnak az elektronikus k\u00f3rlaprendszerek, laborat\u00f3riumi port\u00e1lok, sz\u00e1mviteli \u00e9s k\u00f6nyvvizsg\u00e1lati rendszerek, valamint vide\u00f3platformok. Az EU-n\/Eur\u00f3pai Gazdas\u00e1gi T\u00e9rs\u00e9gen k\u00edv\u00fcli adattov\u00e1bb\u00edt\u00e1s kiz\u00e1r\u00f3lag a GDPR felt\u00e9teleinek teljes\u00fcl\u00e9se eset\u00e9n t\u00f6rt\u00e9nik.<\/span><\/p><p><strong><span style=\"font-size: 20px;\">9. Meg\u0151rz\u00e9si id\u0151<\/span><\/strong><br \/><span style=\"font-size: 16px;\">Az EQ Clinic az eg\u00e9szs\u00e9g\u00fcgyi dokument\u00e1ci\u00f3t \u00e9s szem\u00e9lyes adatokat legal\u00e1bb 10 \u00e9vig \u0151rzi meg az utols\u00f3 bejegyz\u00e9st\u0151l sz\u00e1m\u00edtva, valamint enn\u00e9l hosszabb ideig panasz- vagy k\u00e1rt\u00e9r\u00edt\u00e9si elj\u00e1r\u00e1sok eset\u00e9n.<\/span><\/p><p><strong><span style=\"font-size: 20px;\">10. Felhaszn\u00e1l\u00f3i felel\u0151ss\u00e9g<\/span><\/strong><br \/><span style=\"font-size: 16px;\">\u00d6n k\u00f6teles pontos adatokat megadni, biztons\u00e1gos eszk\u00f6z\u00f6ket haszn\u00e1lni, v\u00e9deni bejelentkez\u00e9si adatait, \u00e9s nyugodt, priv\u00e1t k\u00f6rnyezetb\u0151l r\u00e9szt venni a konzult\u00e1ci\u00f3kon. Az EQ Clinic jogosult a kezel\u00e9st megsz\u00fcntetni vagy megtagadni vissza\u00e9l\u00e9s vagy fenyeget\u0151 magatart\u00e1s eset\u00e9n.<\/span><\/p><p><strong><span style=\"font-size: 20px;\">11. Fizet\u00e9s \u00e9s elsz\u00e1mol\u00e1s<\/span><\/strong><br \/><span style=\"font-size: 16px;\">Amennyiben a szolg\u00e1ltat\u00e1s r\u00e9szben vagy teljes m\u00e9rt\u00e9kben t\u00e9r\u00edt\u00e9sk\u00f6teles, \u00d6n elfogadja a Klinika aktu\u00e1lis d\u00edjszab\u00e1s\u00e1t. A t\u00e1rsadalombiztos\u00edt\u00e1s \u00e1ltal finansz\u00edrozott ell\u00e1t\u00e1s elsz\u00e1mol\u00e1sa a hat\u00e1lyos meg\u00e1llapod\u00e1sok szerint t\u00f6rt\u00e9nik.<\/span><\/p><p><span style=\"font-size: 16px;\">A fizet\u00e9s PayPalon, MobilePayen vagy banki \u00e1tutal\u00e1ssal t\u00f6rt\u00e9nik.<\/span><\/p>\t\t\t\t\t\t\t\t<\/div>\n\t\t\t\t<\/div>\n\t\t\t\t<div class=\"elementor-element elementor-element-22a8795 elementor-widget elementor-widget-text-editor\" data-id=\"22a8795\" data-element_type=\"widget\" data-e-type=\"widget\" data-widget_type=\"text-editor.default\">\n\t\t\t\t<div class=\"elementor-widget-container\">\n\t\t\t\t\t<style>.elementor-element-22a8795{display:none !important}<\/style>\t\t\t\t<\/div>\n\t\t\t\t<\/div>\n\t\t\t\t<div class=\"elementor-element elementor-element-aa66ff5 elementor-widget elementor-widget-text-editor\" data-id=\"aa66ff5\" data-element_type=\"widget\" data-e-type=\"widget\" data-widget_type=\"text-editor.default\">\n\t\t\t\t<div class=\"elementor-widget-container\">\n\t\t\t\t\t\t\t\t\t<p><strong><span style=\"font-size: 20px;\">12. Hungary (Ungarn)<\/span><\/strong><\/p><p>\ud83d\udea8 Akut vesz\u00e9ly eset\u00e9n: h\u00edvja a 112-es seg\u00e9lyh\u00edv\u00f3sz\u00e1mot.<\/p><p>D\u00e1nia \ud83c\udde9\ud83c\uddf0<\/p><p>\ud83d\udea8 V\u00e9szhelyzet: 112<\/p><p>\ud83d\udcde \u00c9letvonal: 70 201 201 201 201 (minden nap 11-05)<\/p><p>\ud83c\udfe5 Pszichi\u00e1triai s\u00fcrg\u0151ss\u00e9gi szoba<\/p><p>Magyarorsz\u00e1g \ud83c\udded\ud83c\uddfa<\/p><p>\ud83d\udea8 V\u00e9szhelyzet: 112<\/p><p>\ud83d\udcde Lelki Els\u0151seg\u00e9ly Telefonszolg\u00e1lat: 116 123 (24 \u00f3ra)<\/p><p>Mexik\u00f3 \ud83c\uddf2\ud83c\uddfd<\/p><p>\ud83d\udea8 V\u00e9szhelyzet: 911<\/p><p>\ud83d\udcde L\u00ednea de la Vida: 800 911 2000 (24\/7)<\/p>\t\t\t\t\t\t\t\t<\/div>\n\t\t\t\t<\/div>\n\t\t\t\t<div class=\"elementor-element elementor-element-373ba4b elementor-widget elementor-widget-text-editor\" data-id=\"373ba4b\" data-element_type=\"widget\" data-e-type=\"widget\" data-widget_type=\"text-editor.default\">\n\t\t\t\t<div class=\"elementor-widget-container\">\n\t\t\t\t\t\t\t\t\t<p><strong><span style=\"font-size: 20px;\">13. Az \u00d6n jogai<\/span><\/strong><br \/><span style=\"font-size: 16px;\">\u00d6nt megilleti a hozz\u00e1f\u00e9r\u00e9shez, helyesb\u00edt\u00e9shez, t\u00f6rl\u00e9shez (amennyiben a jogszab\u00e1ly lehet\u0151v\u00e9 teszi), adatkezel\u00e9s korl\u00e1toz\u00e1s\u00e1hoz, tiltakoz\u00e1shoz, adathordozhat\u00f3s\u00e1ghoz val\u00f3 jog, valamint az automatiz\u00e1lt profilalkot\u00e1s elleni v\u00e9delem. Panaszt ny\u00fajthat be a Datatilsynet r\u00e9sz\u00e9re.<\/span><\/p><p><strong><span style=\"font-size: 20px;\">14. kapcsolat<\/span><\/strong><br \/><span style=\"font-size: 16px;\"><strong>EQ Clinic<\/strong><br \/>Bygaden 24A<br \/>9000 Aalborg<br \/>E-mail: eq-clinic@protonmail.com<br \/>Telefon: +45 52 45 75 66<\/span><\/p><p><span style=\"font-size: 16px;\"><strong>Datatilsynet<\/strong><br \/>L\u00e1sd a hivatalos honlapjukat.<\/span><\/p>\t\t\t\t\t\t\t\t<\/div>\n\t\t\t\t<\/div>\n\t\t\t\t\t<\/div>\n\t\t\t\t<\/div>\n\t\t\t\t<\/div>","protected":false},"excerpt":{"rendered":"<p>Vilk\u00e5r for Brug \u2014 EQ Clinic (Online Klinik)Version: 2025 1. IntroduktionDisse Terms of Service (\u201cVilk\u00e5r\u201d) regulerer brugen af EQ Clinic (\u201cKlinikken\u201d), som tilbyder online psykiatriske, sundhedsfaglige ydelser og alternative behandlinger gennem digitale platforme, herunder video-, telefon- og chatkonsultationer. Ved at tilg\u00e5 eller benytte Klinikkens tjenester accepterer du disse vilk\u00e5r og Klinikkens privatlivspolitik. 2. Behandling af [&hellip;]<\/p>\n","protected":false},"author":1,"featured_media":0,"parent":0,"menu_order":0,"comment_status":"closed","ping_status":"open","template":"","meta":{"footnotes":""},"class_list":["post-3","page","type-page","status-publish","hentry"],"yoast_head":"<!-- This site is optimized with the Yoast SEO plugin v26.7 - https:\/\/yoast.com\/wordpress\/plugins\/seo\/ -->\n<title>Privatlivspolitik - EQ-Clinic<\/title>\n<meta name=\"robots\" content=\"index, follow, max-snippet:-1, max-image-preview:large, max-video-preview:-1\" \/>\n<link rel=\"canonical\" href=\"https:\/\/eq-clinic.com\/hu\/privatlivspolitik\/\" \/>\n<meta property=\"og:locale\" content=\"hu_HU\" \/>\n<meta property=\"og:type\" content=\"article\" \/>\n<meta property=\"og:title\" content=\"Privatlivspolitik - EQ-Clinic\" \/>\n<meta property=\"og:description\" content=\"Vilk\u00e5r for Brug \u2014 EQ Clinic (Online Klinik)Version: 2025 1. IntroduktionDisse Terms of Service (\u201cVilk\u00e5r\u201d) regulerer brugen af EQ Clinic (\u201cKlinikken\u201d), som tilbyder online psykiatriske, sundhedsfaglige ydelser og alternative behandlinger gennem digitale platforme, herunder video-, telefon- og chatkonsultationer. Ved at tilg\u00e5 eller benytte Klinikkens tjenester accepterer du disse vilk\u00e5r og Klinikkens privatlivspolitik. 2. Behandling af [&hellip;]\" \/>\n<meta property=\"og:url\" content=\"https:\/\/eq-clinic.com\/hu\/privatlivspolitik\/\" \/>\n<meta property=\"og:site_name\" content=\"EQ-Clinic\" \/>\n<meta property=\"article:modified_time\" content=\"2026-01-12T13:39:45+00:00\" \/>\n<meta name=\"twitter:card\" content=\"summary_large_image\" \/>\n<meta name=\"twitter:label1\" content=\"Becs\u00fclt olvas\u00e1si id\u0151\" \/>\n\t<meta name=\"twitter:data1\" content=\"6 perc\" \/>\n<script type=\"application\/ld+json\" class=\"yoast-schema-graph\">{\"@context\":\"https:\/\/schema.org\",\"@graph\":[{\"@type\":\"WebPage\",\"@id\":\"https:\/\/eq-clinic.com\/privatlivspolitik\/\",\"url\":\"https:\/\/eq-clinic.com\/privatlivspolitik\/\",\"name\":\"Privatlivspolitik - EQ-Clinic\",\"isPartOf\":{\"@id\":\"https:\/\/eq-clinic.com\/#website\"},\"datePublished\":\"2019-03-05T07:52:36+00:00\",\"dateModified\":\"2026-01-12T13:39:45+00:00\",\"inLanguage\":\"hu\",\"potentialAction\":[{\"@type\":\"ReadAction\",\"target\":[\"https:\/\/eq-clinic.com\/privatlivspolitik\/\"]}]},{\"@type\":\"WebSite\",\"@id\":\"https:\/\/eq-clinic.com\/#website\",\"url\":\"https:\/\/eq-clinic.com\/\",\"name\":\"EQ-Clinic\",\"description\":\"\",\"potentialAction\":[{\"@type\":\"SearchAction\",\"target\":{\"@type\":\"EntryPoint\",\"urlTemplate\":\"https:\/\/eq-clinic.com\/?s={search_term_string}\"},\"query-input\":{\"@type\":\"PropertyValueSpecification\",\"valueRequired\":true,\"valueName\":\"search_term_string\"}}],\"inLanguage\":\"hu\"}]}<\/script>\n<!-- \/ Yoast SEO plugin. -->","yoast_head_json":{"title":"Privatlivspolitik - EQ-Clinic","robots":{"index":"index","follow":"follow","max-snippet":"max-snippet:-1","max-image-preview":"max-image-preview:large","max-video-preview":"max-video-preview:-1"},"canonical":"https:\/\/eq-clinic.com\/hu\/privatlivspolitik\/","og_locale":"hu_HU","og_type":"article","og_title":"Privatlivspolitik - EQ-Clinic","og_description":"Vilk\u00e5r for Brug \u2014 EQ Clinic (Online Klinik)Version: 2025 1. IntroduktionDisse Terms of Service (\u201cVilk\u00e5r\u201d) regulerer brugen af EQ Clinic (\u201cKlinikken\u201d), som tilbyder online psykiatriske, sundhedsfaglige ydelser og alternative behandlinger gennem digitale platforme, herunder video-, telefon- og chatkonsultationer. Ved at tilg\u00e5 eller benytte Klinikkens tjenester accepterer du disse vilk\u00e5r og Klinikkens privatlivspolitik. 2. Behandling af [&hellip;]","og_url":"https:\/\/eq-clinic.com\/hu\/privatlivspolitik\/","og_site_name":"EQ-Clinic","article_modified_time":"2026-01-12T13:39:45+00:00","twitter_card":"summary_large_image","twitter_misc":{"Becs\u00fclt olvas\u00e1si id\u0151":"6 perc"},"schema":{"@context":"https:\/\/schema.org","@graph":[{"@type":"WebPage","@id":"https:\/\/eq-clinic.com\/privatlivspolitik\/","url":"https:\/\/eq-clinic.com\/privatlivspolitik\/","name":"Privatlivspolitik - EQ-Clinic","isPartOf":{"@id":"https:\/\/eq-clinic.com\/#website"},"datePublished":"2019-03-05T07:52:36+00:00","dateModified":"2026-01-12T13:39:45+00:00","inLanguage":"hu","potentialAction":[{"@type":"ReadAction","target":["https:\/\/eq-clinic.com\/privatlivspolitik\/"]}]},{"@type":"WebSite","@id":"https:\/\/eq-clinic.com\/#website","url":"https:\/\/eq-clinic.com\/","name":"EQ-Klinika","description":"","potentialAction":[{"@type":"SearchAction","target":{"@type":"EntryPoint","urlTemplate":"https:\/\/eq-clinic.com\/?s={search_term_string}"},"query-input":{"@type":"PropertyValueSpecification","valueRequired":true,"valueName":"search_term_string"}}],"inLanguage":"hu"}]}},"_links":{"self":[{"href":"https:\/\/eq-clinic.com\/hu\/wp-json\/wp\/v2\/pages\/3","targetHints":{"allow":["GET"]}}],"collection":[{"href":"https:\/\/eq-clinic.com\/hu\/wp-json\/wp\/v2\/pages"}],"about":[{"href":"https:\/\/eq-clinic.com\/hu\/wp-json\/wp\/v2\/types\/page"}],"author":[{"embeddable":true,"href":"https:\/\/eq-clinic.com\/hu\/wp-json\/wp\/v2\/users\/1"}],"replies":[{"embeddable":true,"href":"https:\/\/eq-clinic.com\/hu\/wp-json\/wp\/v2\/comments?post=3"}],"version-history":[{"count":20,"href":"https:\/\/eq-clinic.com\/hu\/wp-json\/wp\/v2\/pages\/3\/revisions"}],"predecessor-version":[{"id":2480,"href":"https:\/\/eq-clinic.com\/hu\/wp-json\/wp\/v2\/pages\/3\/revisions\/2480"}],"wp:attachment":[{"href":"https:\/\/eq-clinic.com\/hu\/wp-json\/wp\/v2\/media?parent=3"}],"curies":[{"name":"wp","href":"https:\/\/api.w.org\/{rel}","templated":true}]}}