{"id":2445,"date":"2026-01-06T13:03:49","date_gmt":"2026-01-06T12:03:49","guid":{"rendered":"https:\/\/eq-clinic.com\/?page_id=2445"},"modified":"2026-01-06T13:12:47","modified_gmt":"2026-01-06T12:12:47","slug":"tilskud-og-betalingsmuligheder","status":"publish","type":"page","link":"https:\/\/eq-clinic.com\/hu\/tilskud-og-betalingsmuligheder\/","title":{"rendered":"T\u00e1mogat\u00e1sok \u00e9s fizet\u00e9si lehet\u0151s\u00e9gek"},"content":{"rendered":"<div data-elementor-type=\"wp-post\" data-elementor-id=\"2445\" class=\"elementor elementor-2445\" data-elementor-post-type=\"page\">\n\t\t\t\t<div class=\"elementor-element elementor-element-3c613b1 e-flex e-con-boxed e-con e-parent\" data-id=\"3c613b1\" data-element_type=\"container\" data-e-type=\"container\" data-settings=\"{&quot;background_background&quot;:&quot;classic&quot;}\">\n\t\t\t\t\t<div class=\"e-con-inner\">\n\t\t\t\t<div class=\"elementor-element elementor-element-028d3d2 elementor-widget elementor-widget-text-editor\" data-id=\"028d3d2\" data-element_type=\"widget\" data-e-type=\"widget\" data-widget_type=\"text-editor.default\">\n\t\t\t\t<div class=\"elementor-widget-container\">\n\t\t\t\t\t\t\t\t\t<p><strong><span style=\"font-size: 28px;\">K\u00f6lts\u00e9gt\u00e9r\u00edt\u00e9si \u00e9s fizet\u00e9si lehet\u0151s\u00e9gek<\/span><\/strong><\/p>\n\n<p><span style=\"font-size: 16px;\">Az EQ-klinik\u00e1n a vizsg\u00e1lat \u00e9s a kezel\u00e9s mag\u00e1n\u00faton vehet\u0151 ig\u00e9nybe.<\/span><\/p>\n\n<p><span style=\"font-size: 16px;\">A fizet\u00e9s t\u00f6rt\u00e9nhet sz\u00e1mla alapj\u00e1n, banki \u00e1tutal\u00e1ssal.<\/span><\/p>\n\n<p><strong><span style=\"font-size: 20px;\">Ha saj\u00e1t v\u00e1llalkoz\u00e1sa van<\/span><\/strong><\/p>\n\n<p><span style=\"font-size: 16px;\">Ha van saj\u00e1t c\u00e9ge, vagy a munk\u00e1ltat\u00f3ja fizeti a kezel\u00e9st, a k\u00f6lts\u00e9g levonhat\u00f3. Fizet\u00e9s sz\u00e1ml\u00e1val \u00e9s banki \u00e1tutal\u00e1ssal.<\/span><\/p>\n\n<p><strong><span style=\"font-size: 20px;\">D\u00e1n CPR-sz\u00e1mmal rendelkez\u0151 p\u00e1ciensek<\/span><\/strong><\/p>\n\n<p><strong><span style=\"font-size: 18px;\">\u00c1llami eg\u00e9szs\u00e9gbiztos\u00edt\u00e1s \u2013 2. csoport(gule sygesikringskort)<\/span><\/strong><br>\n<span style=\"font-size: 16px;\">Ha \u00d6n az \u00c1llami Eg\u00e9szs\u00e9gbiztos\u00edt\u00e1s 2. csoportj\u00e1nak tagja, vagy erre a csoportra v\u00e1lt, jogosult lehet t\u00e9r\u00edt\u00e9sre mag\u00e1n szakorvosn\u00e1l t\u00f6rt\u00e9n\u0151 kezel\u00e9s eset\u00e9n, beutal\u00f3 n\u00e9lk\u00fcl.<\/span><\/p>\n\n<p><span style=\"font-size: 16px;\">A t\u00e9r\u00edt\u00e9s region\u00e1lis alapon t\u00f6rt\u00e9nik, nem fedezi a teljes k\u00f6lts\u00e9get, hanem a feln\u0151tt pszichi\u00e1tria hivatalos d\u00edjszab\u00e1s\u00e1hoz igazodik.\nA visszat\u00e9r\u00edtett \u00f6sszeg minden konzult\u00e1ci\u00f3 ut\u00e1n az aktu\u00e1lis hivatalos d\u00edjt\u00e1bl\u00e1zat szerint ker\u00fcl meghat\u00e1roz\u00e1sra.(lasd: www.borger.dk) <em>Takstkor<\/em>.<\/span><\/p>\n\n<p><strong><span style=\"font-size: 18px;\">\u201edanmark\u201d eg\u00e9szs\u00e9gbiztos\u00edt\u00e1s<\/span><\/strong><br>\n<span style=\"font-size: 16px;\">Bizonyos esetekben (2. csoport) a \u201edanmark\u201d eg\u00e9szs\u00e9gbiztos\u00edt\u00e1s r\u00e9szleges t\u00e9r\u00edt\u00e9st ny\u00fajthat.<\/span><\/p>\n\n<p><span style=\"font-size: 16px;\"><a href=\"https:\/\/www.sygeforsikring.dk\/tilskud\/speciallaeger\">https:\/\/www.sygeforsikring.dk\/tilskud\/speciallaeger<\/a><\/span><\/p>\n\n<p><span style=\"font-size: 16px;\">K\u00e9rj\u00fck, id\u0151pontfoglal\u00e1skor jelezze, ha a \u201edanmark\u201d eg\u00e9szs\u00e9gbiztos\u00edt\u00e1s tagja.<\/span><\/p>\n\n<p><strong><span style=\"font-size: 18px;\">Mag\u00e1n eg\u00e9szs\u00e9gbiztos\u00edt\u00e1s (D\u00e1nia)<\/span><\/strong><br>\n<span style=\"font-size: 16px;\">A kezel\u00e9s fedezhet\u0151 lehet mag\u00e1n eg\u00e9szs\u00e9gbiztos\u00edt\u00e1son kereszt\u00fcl, ak\u00e1r egy\u00e9ni, ak\u00e1r munk\u00e1ltat\u00f3i biztos\u00edt\u00e1s form\u00e1j\u00e1ban.<\/span><\/p>\n\n<p><span style=\"font-size: 16px;\">A felt\u00e9telekr\u0151l k\u00e9rj\u00fck, egyeztessen biztos\u00edt\u00f3j\u00e1val.<\/span><\/p>\n\t\t\t\t\t\t\t\t<\/div>\n\t\t\t\t<\/div>\n\t\t\t\t\t<\/div>\n\t\t\t\t<\/div>\n\t\t\t\t<\/div>","protected":false},"excerpt":{"rendered":"<p>Betaling og tilskudsmuligheder Hos EQ-clinic har du mulighed for selv at betale for udredning og behandlingsforl\u00f8b. Betaling kan ske igennem Mobilpay, Paypal eller bankoverf\u00f8rsel b\u00e5de i danske krone eller i Euro, HUF. Hvis du har eget firma Hvis du har eget firma, eller din arbejdsgiver vil betale behandlingen, kan udgiften tr\u00e6kkes fra. Betaling via faktura [&hellip;]<\/p>\n","protected":false},"author":1,"featured_media":0,"parent":0,"menu_order":0,"comment_status":"closed","ping_status":"closed","template":"","meta":{"footnotes":""},"class_list":["post-2445","page","type-page","status-publish","hentry"],"yoast_head":"<!-- This site is optimized with the Yoast SEO plugin v26.7 - https:\/\/yoast.com\/wordpress\/plugins\/seo\/ -->\n<title>Tilskud og betalingsmuligheder - EQ-Clinic<\/title>\n<meta name=\"robots\" content=\"index, follow, max-snippet:-1, max-image-preview:large, max-video-preview:-1\" \/>\n<link rel=\"canonical\" href=\"https:\/\/eq-clinic.com\/hu\/tilskud-og-betalingsmuligheder\/\" \/>\n<meta property=\"og:locale\" content=\"hu_HU\" \/>\n<meta property=\"og:type\" content=\"article\" \/>\n<meta property=\"og:title\" content=\"Tilskud og betalingsmuligheder - EQ-Clinic\" \/>\n<meta property=\"og:description\" content=\"Betaling og tilskudsmuligheder Hos EQ-clinic har du mulighed for selv at betale for udredning og behandlingsforl\u00f8b. Betaling kan ske igennem Mobilpay, Paypal eller bankoverf\u00f8rsel b\u00e5de i danske krone eller i Euro, HUF. Hvis du har eget firma Hvis du har eget firma, eller din arbejdsgiver vil betale behandlingen, kan udgiften tr\u00e6kkes fra. Betaling via faktura [&hellip;]\" \/>\n<meta property=\"og:url\" content=\"https:\/\/eq-clinic.com\/hu\/tilskud-og-betalingsmuligheder\/\" \/>\n<meta property=\"og:site_name\" content=\"EQ-Clinic\" \/>\n<meta property=\"article:modified_time\" content=\"2026-01-06T12:12:47+00:00\" \/>\n<meta name=\"twitter:card\" content=\"summary_large_image\" \/>\n<meta name=\"twitter:label1\" content=\"Becs\u00fclt olvas\u00e1si id\u0151\" \/>\n\t<meta name=\"twitter:data1\" content=\"2 perc\" \/>\n<script type=\"application\/ld+json\" class=\"yoast-schema-graph\">{\"@context\":\"https:\/\/schema.org\",\"@graph\":[{\"@type\":\"WebPage\",\"@id\":\"https:\/\/eq-clinic.com\/tilskud-og-betalingsmuligheder\/\",\"url\":\"https:\/\/eq-clinic.com\/tilskud-og-betalingsmuligheder\/\",\"name\":\"Tilskud og betalingsmuligheder - EQ-Clinic\",\"isPartOf\":{\"@id\":\"https:\/\/eq-clinic.com\/#website\"},\"datePublished\":\"2026-01-06T12:03:49+00:00\",\"dateModified\":\"2026-01-06T12:12:47+00:00\",\"inLanguage\":\"hu\",\"potentialAction\":[{\"@type\":\"ReadAction\",\"target\":[\"https:\/\/eq-clinic.com\/tilskud-og-betalingsmuligheder\/\"]}]},{\"@type\":\"WebSite\",\"@id\":\"https:\/\/eq-clinic.com\/#website\",\"url\":\"https:\/\/eq-clinic.com\/\",\"name\":\"EQ-Clinic\",\"description\":\"\",\"potentialAction\":[{\"@type\":\"SearchAction\",\"target\":{\"@type\":\"EntryPoint\",\"urlTemplate\":\"https:\/\/eq-clinic.com\/?s={search_term_string}\"},\"query-input\":{\"@type\":\"PropertyValueSpecification\",\"valueRequired\":true,\"valueName\":\"search_term_string\"}}],\"inLanguage\":\"hu\"}]}<\/script>\n<!-- \/ Yoast SEO plugin. -->","yoast_head_json":{"title":"Tilskud og betalingsmuligheder - EQ-Clinic","robots":{"index":"index","follow":"follow","max-snippet":"max-snippet:-1","max-image-preview":"max-image-preview:large","max-video-preview":"max-video-preview:-1"},"canonical":"https:\/\/eq-clinic.com\/hu\/tilskud-og-betalingsmuligheder\/","og_locale":"hu_HU","og_type":"article","og_title":"Tilskud og betalingsmuligheder - EQ-Clinic","og_description":"Betaling og tilskudsmuligheder Hos EQ-clinic har du mulighed for selv at betale for udredning og behandlingsforl\u00f8b. Betaling kan ske igennem Mobilpay, Paypal eller bankoverf\u00f8rsel b\u00e5de i danske krone eller i Euro, HUF. Hvis du har eget firma Hvis du har eget firma, eller din arbejdsgiver vil betale behandlingen, kan udgiften tr\u00e6kkes fra. Betaling via faktura [&hellip;]","og_url":"https:\/\/eq-clinic.com\/hu\/tilskud-og-betalingsmuligheder\/","og_site_name":"EQ-Clinic","article_modified_time":"2026-01-06T12:12:47+00:00","twitter_card":"summary_large_image","twitter_misc":{"Becs\u00fclt olvas\u00e1si id\u0151":"2 perc"},"schema":{"@context":"https:\/\/schema.org","@graph":[{"@type":"WebPage","@id":"https:\/\/eq-clinic.com\/tilskud-og-betalingsmuligheder\/","url":"https:\/\/eq-clinic.com\/tilskud-og-betalingsmuligheder\/","name":"Tilskud og betalingsmuligheder - EQ-Clinic","isPartOf":{"@id":"https:\/\/eq-clinic.com\/#website"},"datePublished":"2026-01-06T12:03:49+00:00","dateModified":"2026-01-06T12:12:47+00:00","inLanguage":"hu","potentialAction":[{"@type":"ReadAction","target":["https:\/\/eq-clinic.com\/tilskud-og-betalingsmuligheder\/"]}]},{"@type":"WebSite","@id":"https:\/\/eq-clinic.com\/#website","url":"https:\/\/eq-clinic.com\/","name":"EQ-Klinika","description":"","potentialAction":[{"@type":"SearchAction","target":{"@type":"EntryPoint","urlTemplate":"https:\/\/eq-clinic.com\/?s={search_term_string}"},"query-input":{"@type":"PropertyValueSpecification","valueRequired":true,"valueName":"search_term_string"}}],"inLanguage":"hu"}]}},"_links":{"self":[{"href":"https:\/\/eq-clinic.com\/hu\/wp-json\/wp\/v2\/pages\/2445","targetHints":{"allow":["GET"]}}],"collection":[{"href":"https:\/\/eq-clinic.com\/hu\/wp-json\/wp\/v2\/pages"}],"about":[{"href":"https:\/\/eq-clinic.com\/hu\/wp-json\/wp\/v2\/types\/page"}],"author":[{"embeddable":true,"href":"https:\/\/eq-clinic.com\/hu\/wp-json\/wp\/v2\/users\/1"}],"replies":[{"embeddable":true,"href":"https:\/\/eq-clinic.com\/hu\/wp-json\/wp\/v2\/comments?post=2445"}],"version-history":[{"count":7,"href":"https:\/\/eq-clinic.com\/hu\/wp-json\/wp\/v2\/pages\/2445\/revisions"}],"predecessor-version":[{"id":2453,"href":"https:\/\/eq-clinic.com\/hu\/wp-json\/wp\/v2\/pages\/2445\/revisions\/2453"}],"wp:attachment":[{"href":"https:\/\/eq-clinic.com\/hu\/wp-json\/wp\/v2\/media?parent=2445"}],"curies":[{"name":"wp","href":"https:\/\/api.w.org\/{rel}","templated":true}]}}