{"id":2445,"date":"2026-01-06T13:03:49","date_gmt":"2026-01-06T12:03:49","guid":{"rendered":"https:\/\/eq-clinic.com\/?page_id=2445"},"modified":"2026-01-06T13:12:47","modified_gmt":"2026-01-06T12:12:47","slug":"tilskud-og-betalingsmuligheder","status":"publish","type":"page","link":"https:\/\/eq-clinic.com\/es\/tilskud-og-betalingsmuligheder\/","title":{"rendered":"Subvenciones y opciones de pago"},"content":{"rendered":"<div data-elementor-type=\"wp-post\" data-elementor-id=\"2445\" class=\"elementor elementor-2445\" data-elementor-post-type=\"page\">\n\t\t\t\t<div class=\"elementor-element elementor-element-3c613b1 e-flex e-con-boxed e-con e-parent\" data-id=\"3c613b1\" data-element_type=\"container\" data-e-type=\"container\" data-settings=\"{&quot;background_background&quot;:&quot;classic&quot;}\">\n\t\t\t\t\t<div class=\"e-con-inner\">\n\t\t\t\t<div class=\"elementor-element elementor-element-028d3d2 elementor-widget elementor-widget-text-editor\" data-id=\"028d3d2\" data-element_type=\"widget\" data-e-type=\"widget\" data-widget_type=\"text-editor.default\">\n\t\t\t\t<div class=\"elementor-widget-container\">\n\t\t\t\t\t\t\t\t\t<p><strong><span style=\"font-size: 28px;\">Opciones de pago y subvenci\u00f3n<\/span><\/strong><\/p>\n\n<p><span style=\"font-size: 16px;\">En EQ-clinic, tiene la opci\u00f3n de pagar usted mismo el examen y el programa de tratamiento.<\/span><\/p>\n\n<p><span style=\"font-size: 16px;\">El pago puede realizarse a trav\u00e9s de Mobilpay, Paypal o transferencia bancaria tanto en coronas danesas como en euros, HUF.<\/span><\/p>\n\n<p><strong><span style=\"font-size: 20px;\">Si tiene su propia empresa<\/span><\/strong><\/p>\n\n<p><span style=\"font-size: 16px;\">Si tiene su propia empresa o su empleador va a pagar el tratamiento, puede deducirse el coste. Pago mediante factura y transferencia bancaria.<\/span><\/p>\n\n<p><strong><span style=\"font-size: 20px;\">Posibilidades de obtener el reembolso del tratamiento con un n\u00famero CPR dan\u00e9s:<\/span><\/strong><\/p>\n\n<p><strong><span style=\"font-size: 18px;\">Grupo 2 en el seguro de enfermedad p\u00fablico<\/span><\/strong><br>\n<span style=\"font-size: 16px;\">Si est\u00e1 afiliado o inscrito en el grupo 2 del seguro de enfermedad del r\u00e9gimen p\u00fablico de seguro de enfermedad, puede recibir el reembolso de los tratamientos realizados por un m\u00e9dico generalista sin derivaci\u00f3n.<\/span><\/p>\n\n<p><span style=\"font-size: 16px;\">Tiene la posibilidad de recibir un subsidio para el tratamiento a trav\u00e9s de la regi\u00f3n. El reembolso de su tratamiento no cubre la totalidad del mismo, pero equivale a la tarjeta de tarifas de psiquiatr\u00eda para adultos. El importe que se le reembolsar\u00e1 despu\u00e9s de cada consulta figura en el <em>Takstkor<\/em>.<\/span><\/p>\n\n<p><strong><span style=\"font-size: 18px;\">Seguro de enfermedad \"dinamarca\"<\/span><\/strong><br>\n<span style=\"font-size: 16px;\">En algunos casos (grupo 2), Sygesikringen \"danmark\" puede subvencionar su tratamiento. Puede ponerse en contacto con Sygesikringen \"danmark\" para obtener m\u00e1s informaci\u00f3n sobre el reembolso:<\/span><\/p>\n\n<p><span style=\"font-size: 16px;\"><a href=\"https:\/\/www.sygeforsikring.dk\/tilskud\/speciallaeger\">https:\/\/www.sygeforsikring.dk\/tilskud\/speciallaeger<\/a><\/span><\/p>\n\n<p><span style=\"font-size: 16px;\">Por favor, indique que es miembro de Sygesikringen \"danmark\" cuando reserve una cita con nosotros.<\/span><\/p>\n\n<p><strong><span style=\"font-size: 18px;\">Cobertura a trav\u00e9s de un seguro m\u00e9dico privado<\/span><\/strong><br>\n<span style=\"font-size: 16px;\">Puede conseguir que su seguro m\u00e9dico (privado o a trav\u00e9s de su lugar de trabajo) cubra su programa de evaluaci\u00f3n y tratamiento. Ponte en contacto con tu compa\u00f1\u00eda de seguros para obtener m\u00e1s informaci\u00f3n sobre la autorizaci\u00f3n del tratamiento psiqui\u00e1trico.<\/span><\/p>\n\n<p><span style=\"font-size: 16px;\">Tenga en cuenta que, en algunos casos, los ni\u00f1os tambi\u00e9n est\u00e1n cubiertos por el seguro m\u00e9dico.<\/span><\/p>\n\t\t\t\t\t\t\t\t<\/div>\n\t\t\t\t<\/div>\n\t\t\t\t\t<\/div>\n\t\t\t\t<\/div>\n\t\t\t\t<\/div>","protected":false},"excerpt":{"rendered":"<p>Betaling og tilskudsmuligheder Hos EQ-clinic har du mulighed for selv at betale for udredning og behandlingsforl\u00f8b. Betaling kan ske igennem Mobilpay, Paypal eller bankoverf\u00f8rsel b\u00e5de i danske krone eller i Euro, HUF. Hvis du har eget firma Hvis du har eget firma, eller din arbejdsgiver vil betale behandlingen, kan udgiften tr\u00e6kkes fra. Betaling via faktura [&hellip;]<\/p>\n","protected":false},"author":1,"featured_media":0,"parent":0,"menu_order":0,"comment_status":"closed","ping_status":"closed","template":"","meta":{"footnotes":""},"class_list":["post-2445","page","type-page","status-publish","hentry"],"yoast_head":"<!-- This site is optimized with the Yoast SEO plugin v26.7 - https:\/\/yoast.com\/wordpress\/plugins\/seo\/ -->\n<title>Tilskud og betalingsmuligheder - EQ-Clinic<\/title>\n<meta name=\"robots\" content=\"index, follow, max-snippet:-1, max-image-preview:large, max-video-preview:-1\" \/>\n<link rel=\"canonical\" href=\"https:\/\/eq-clinic.com\/es\/tilskud-og-betalingsmuligheder\/\" \/>\n<meta property=\"og:locale\" content=\"es_ES\" \/>\n<meta property=\"og:type\" content=\"article\" \/>\n<meta property=\"og:title\" content=\"Tilskud og betalingsmuligheder - EQ-Clinic\" \/>\n<meta property=\"og:description\" content=\"Betaling og tilskudsmuligheder Hos EQ-clinic har du mulighed for selv at betale for udredning og behandlingsforl\u00f8b. Betaling kan ske igennem Mobilpay, Paypal eller bankoverf\u00f8rsel b\u00e5de i danske krone eller i Euro, HUF. Hvis du har eget firma Hvis du har eget firma, eller din arbejdsgiver vil betale behandlingen, kan udgiften tr\u00e6kkes fra. Betaling via faktura [&hellip;]\" \/>\n<meta property=\"og:url\" content=\"https:\/\/eq-clinic.com\/es\/tilskud-og-betalingsmuligheder\/\" \/>\n<meta property=\"og:site_name\" content=\"EQ-Clinic\" \/>\n<meta property=\"article:modified_time\" content=\"2026-01-06T12:12:47+00:00\" \/>\n<meta name=\"twitter:card\" content=\"summary_large_image\" \/>\n<meta name=\"twitter:label1\" content=\"Tiempo de lectura\" \/>\n\t<meta name=\"twitter:data1\" content=\"2 minutos\" \/>\n<script type=\"application\/ld+json\" class=\"yoast-schema-graph\">{\"@context\":\"https:\/\/schema.org\",\"@graph\":[{\"@type\":\"WebPage\",\"@id\":\"https:\/\/eq-clinic.com\/tilskud-og-betalingsmuligheder\/\",\"url\":\"https:\/\/eq-clinic.com\/tilskud-og-betalingsmuligheder\/\",\"name\":\"Tilskud og betalingsmuligheder - EQ-Clinic\",\"isPartOf\":{\"@id\":\"https:\/\/eq-clinic.com\/#website\"},\"datePublished\":\"2026-01-06T12:03:49+00:00\",\"dateModified\":\"2026-01-06T12:12:47+00:00\",\"inLanguage\":\"es\",\"potentialAction\":[{\"@type\":\"ReadAction\",\"target\":[\"https:\/\/eq-clinic.com\/tilskud-og-betalingsmuligheder\/\"]}]},{\"@type\":\"WebSite\",\"@id\":\"https:\/\/eq-clinic.com\/#website\",\"url\":\"https:\/\/eq-clinic.com\/\",\"name\":\"EQ-Clinic\",\"description\":\"\",\"potentialAction\":[{\"@type\":\"SearchAction\",\"target\":{\"@type\":\"EntryPoint\",\"urlTemplate\":\"https:\/\/eq-clinic.com\/?s={search_term_string}\"},\"query-input\":{\"@type\":\"PropertyValueSpecification\",\"valueRequired\":true,\"valueName\":\"search_term_string\"}}],\"inLanguage\":\"es\"}]}<\/script>\n<!-- \/ Yoast SEO plugin. -->","yoast_head_json":{"title":"Tilskud og betalingsmuligheder - EQ-Clinic","robots":{"index":"index","follow":"follow","max-snippet":"max-snippet:-1","max-image-preview":"max-image-preview:large","max-video-preview":"max-video-preview:-1"},"canonical":"https:\/\/eq-clinic.com\/es\/tilskud-og-betalingsmuligheder\/","og_locale":"es_ES","og_type":"article","og_title":"Tilskud og betalingsmuligheder - EQ-Clinic","og_description":"Betaling og tilskudsmuligheder Hos EQ-clinic har du mulighed for selv at betale for udredning og behandlingsforl\u00f8b. Betaling kan ske igennem Mobilpay, Paypal eller bankoverf\u00f8rsel b\u00e5de i danske krone eller i Euro, HUF. Hvis du har eget firma Hvis du har eget firma, eller din arbejdsgiver vil betale behandlingen, kan udgiften tr\u00e6kkes fra. Betaling via faktura [&hellip;]","og_url":"https:\/\/eq-clinic.com\/es\/tilskud-og-betalingsmuligheder\/","og_site_name":"EQ-Clinic","article_modified_time":"2026-01-06T12:12:47+00:00","twitter_card":"summary_large_image","twitter_misc":{"Tiempo de lectura":"2 minutos"},"schema":{"@context":"https:\/\/schema.org","@graph":[{"@type":"WebPage","@id":"https:\/\/eq-clinic.com\/tilskud-og-betalingsmuligheder\/","url":"https:\/\/eq-clinic.com\/tilskud-og-betalingsmuligheder\/","name":"Tilskud og betalingsmuligheder - EQ-Clinic","isPartOf":{"@id":"https:\/\/eq-clinic.com\/#website"},"datePublished":"2026-01-06T12:03:49+00:00","dateModified":"2026-01-06T12:12:47+00:00","inLanguage":"es","potentialAction":[{"@type":"ReadAction","target":["https:\/\/eq-clinic.com\/tilskud-og-betalingsmuligheder\/"]}]},{"@type":"WebSite","@id":"https:\/\/eq-clinic.com\/#website","url":"https:\/\/eq-clinic.com\/","name":"Cl\u00ednica EQ","description":"","potentialAction":[{"@type":"SearchAction","target":{"@type":"EntryPoint","urlTemplate":"https:\/\/eq-clinic.com\/?s={search_term_string}"},"query-input":{"@type":"PropertyValueSpecification","valueRequired":true,"valueName":"search_term_string"}}],"inLanguage":"es"}]}},"_links":{"self":[{"href":"https:\/\/eq-clinic.com\/es\/wp-json\/wp\/v2\/pages\/2445","targetHints":{"allow":["GET"]}}],"collection":[{"href":"https:\/\/eq-clinic.com\/es\/wp-json\/wp\/v2\/pages"}],"about":[{"href":"https:\/\/eq-clinic.com\/es\/wp-json\/wp\/v2\/types\/page"}],"author":[{"embeddable":true,"href":"https:\/\/eq-clinic.com\/es\/wp-json\/wp\/v2\/users\/1"}],"replies":[{"embeddable":true,"href":"https:\/\/eq-clinic.com\/es\/wp-json\/wp\/v2\/comments?post=2445"}],"version-history":[{"count":7,"href":"https:\/\/eq-clinic.com\/es\/wp-json\/wp\/v2\/pages\/2445\/revisions"}],"predecessor-version":[{"id":2453,"href":"https:\/\/eq-clinic.com\/es\/wp-json\/wp\/v2\/pages\/2445\/revisions\/2453"}],"wp:attachment":[{"href":"https:\/\/eq-clinic.com\/es\/wp-json\/wp\/v2\/media?parent=2445"}],"curies":[{"name":"wp","href":"https:\/\/api.w.org\/{rel}","templated":true}]}}