{"id":1573,"date":"2025-06-16T11:20:41","date_gmt":"2025-06-16T09:20:41","guid":{"rendered":"https:\/\/eq-clinic.com\/?page_id=1573"},"modified":"2026-01-12T08:39:54","modified_gmt":"2026-01-12T07:39:54","slug":"synergy-retreats","status":"publish","type":"page","link":"https:\/\/eq-clinic.com\/es\/synergy-retreats\/","title":{"rendered":"Retiros Synergy"},"content":{"rendered":"<div data-elementor-type=\"wp-page\" data-elementor-id=\"1573\" class=\"elementor elementor-1573\" data-elementor-post-type=\"page\">\n\t\t\t\t<div class=\"elementor-element elementor-element-2254533 e-flex e-con-boxed e-con e-parent\" data-id=\"2254533\" data-element_type=\"container\" data-e-type=\"container\" data-settings=\"{&quot;background_background&quot;:&quot;classic&quot;}\">\n\t\t\t\t\t<div class=\"e-con-inner\">\n\t\t\t\t\t<\/div>\n\t\t\t\t<\/div>\n\t\t<div class=\"elementor-element elementor-element-8f8bd18 e-flex e-con-boxed e-con e-parent\" data-id=\"8f8bd18\" data-element_type=\"container\" data-e-type=\"container\">\n\t\t\t\t\t<div class=\"e-con-inner\">\n\t\t<div class=\"elementor-element elementor-element-798ee05 e-con-full e-flex e-con e-child\" data-id=\"798ee05\" data-element_type=\"container\" data-e-type=\"container\">\n\t\t\t\t<div class=\"elementor-element elementor-element-f430358 elementor-widget elementor-widget-image\" data-id=\"f430358\" data-element_type=\"widget\" data-e-type=\"widget\" data-widget_type=\"image.default\">\n\t\t\t\t<div class=\"elementor-widget-container\">\n\t\t\t\t\t\t\t\t\t\t\t\t\t\t\t<img fetchpriority=\"high\" decoding=\"async\" width=\"768\" height=\"1024\" src=\"https:\/\/eq-clinic.com\/wp-content\/uploads\/IMG_3416-768x1024.jpg\" class=\"attachment-large size-large wp-image-2346\" alt=\"\" srcset=\"https:\/\/eq-clinic.com\/wp-content\/uploads\/IMG_3416-768x1024.jpg 768w, https:\/\/eq-clinic.com\/wp-content\/uploads\/IMG_3416-225x300.jpg 225w, https:\/\/eq-clinic.com\/wp-content\/uploads\/IMG_3416-1152x1536.jpg 1152w, https:\/\/eq-clinic.com\/wp-content\/uploads\/IMG_3416-scaled.jpg 1536w\" sizes=\"(max-width: 768px) 100vw, 768px\" \/>\t\t\t\t\t\t\t\t\t\t\t\t\t\t\t<\/div>\n\t\t\t\t<\/div>\n\t\t\t\t<div class=\"elementor-element elementor-element-ba56aa2 elementor-widget elementor-widget-text-editor\" data-id=\"ba56aa2\" data-element_type=\"widget\" data-e-type=\"widget\" data-widget_type=\"text-editor.default\">\n\t\t\t\t<div class=\"elementor-widget-container\">\n\t\t\t\t\t\t\t\t\t<p>La foto es del lugar del retiro<\/p>\t\t\t\t\t\t\t\t<\/div>\n\t\t\t\t<\/div>\n\t\t\t\t<\/div>\n\t\t<div class=\"elementor-element elementor-element-6664e72 e-con-full e-flex e-con e-child\" data-id=\"6664e72\" data-element_type=\"container\" data-e-type=\"container\">\n\t\t\t\t<div class=\"elementor-element elementor-element-a97f416 elementor-widget elementor-widget-heading\" data-id=\"a97f416\" data-element_type=\"widget\" data-e-type=\"widget\" data-widget_type=\"heading.default\">\n\t\t\t\t<div class=\"elementor-widget-container\">\n\t\t\t\t\t<h2 class=\"elementor-heading-title elementor-size-default\">Acomp\u00e1\u00f1enos en un retiro suave y sanador<\/h2>\t\t\t\t<\/div>\n\t\t\t\t<\/div>\n\t\t\t\t<div class=\"elementor-element elementor-element-c457bc0 elementor-widget elementor-widget-text-editor\" data-id=\"c457bc0\" data-element_type=\"widget\" data-e-type=\"widget\" data-widget_type=\"text-editor.default\">\n\t\t\t\t<div class=\"elementor-widget-container\">\n\t\t\t\t\t\t\t\t\t<p>Un retiro \u00fanico que combina yoga y t\u00e9cnicas basadas en el cuerpo (som\u00e1ticas) con un enfoque en la liberaci\u00f3n de traumas.<\/p><p>El programa incluye sesiones guiadas de terapia de grupo y crea una comunidad segura para la reflexi\u00f3n interior y la curaci\u00f3n.<\/p>\t\t\t\t\t\t\t\t<\/div>\n\t\t\t\t<\/div>\n\t\t\t\t<div class=\"elementor-element elementor-element-69d4774 elementor-widget elementor-widget-heading\" data-id=\"69d4774\" data-element_type=\"widget\" data-e-type=\"widget\" data-widget_type=\"heading.default\">\n\t\t\t\t<div class=\"elementor-widget-container\">\n\t\t\t\t\t<h6 class=\"elementor-heading-title elementor-size-default\">El pr\u00f3ximo retiro se celebrar\u00e1 en 2026 en M\u00e9xico, en la zona de Canc\u00fan.<\/h6>\t\t\t\t<\/div>\n\t\t\t\t<\/div>\n\t\t\t\t<div class=\"elementor-element elementor-element-e29635d elementor-widget elementor-widget-text-editor\" data-id=\"e29635d\" data-element_type=\"widget\" data-e-type=\"widget\" data-widget_type=\"text-editor.default\">\n\t\t\t\t<div class=\"elementor-widget-container\">\n\t\t\t\t\t\t\t\t\t<p>Si est\u00e1 interesado o desea m\u00e1s informaci\u00f3n, puede ponerse en contacto conmigo por correo electr\u00f3nico.<\/p>\t\t\t\t\t\t\t\t<\/div>\n\t\t\t\t<\/div>\n\t\t\t\t<div class=\"elementor-element elementor-element-70c351f elementor-mobile-align-justify elementor-widget-mobile__width-inherit elementor-widget elementor-widget-button\" data-id=\"70c351f\" data-element_type=\"widget\" data-e-type=\"widget\" data-widget_type=\"button.default\">\n\t\t\t\t<div class=\"elementor-widget-container\">\n\t\t\t\t\t\t\t\t\t<div class=\"elementor-button-wrapper\">\n\t\t\t\t\t<a class=\"elementor-button elementor-button-link elementor-size-sm\" href=\"mailto:eq-clinic@protonmail.com\">\n\t\t\t\t\t\t<span class=\"elementor-button-content-wrapper\">\n\t\t\t\t\t\t\t\t\t<span class=\"elementor-button-text\">eq-clinic@protonmail.com<\/span>\n\t\t\t\t\t<\/span>\n\t\t\t\t\t<\/a>\n\t\t\t\t<\/div>\n\t\t\t\t\t\t\t\t<\/div>\n\t\t\t\t<\/div>\n\t\t\t\t<\/div>\n\t\t\t\t\t<\/div>\n\t\t\t\t<\/div>\n\t\t<div class=\"elementor-element elementor-element-a03c739 e-flex e-con-boxed e-con e-parent\" data-id=\"a03c739\" data-element_type=\"container\" data-e-type=\"container\">\n\t\t\t\t\t<div class=\"e-con-inner\">\n\t\t<div class=\"elementor-element elementor-element-72dc2e5 e-con-full e-flex e-con e-child\" data-id=\"72dc2e5\" data-element_type=\"container\" data-e-type=\"container\">\n\t\t\t\t<div class=\"elementor-element elementor-element-3444fc1 elementor-widget elementor-widget-heading\" data-id=\"3444fc1\" data-element_type=\"widget\" data-e-type=\"widget\" data-widget_type=\"heading.default\">\n\t\t\t\t<div class=\"elementor-widget-container\">\n\t\t\t\t\t<h2 class=\"elementor-heading-title elementor-size-default\">Acomp\u00e1\u00f1enos en un retiro suave y sanador<\/h2>\t\t\t\t<\/div>\n\t\t\t\t<\/div>\n\t\t\t\t<div class=\"elementor-element elementor-element-ee4ee55 elementor-widget elementor-widget-text-editor\" data-id=\"ee4ee55\" data-element_type=\"widget\" data-e-type=\"widget\" data-widget_type=\"text-editor.default\">\n\t\t\t\t<div class=\"elementor-widget-container\">\n\t\t\t\t\t\t\t\t\t<p>Un retiro \u00fanico que combina yoga y t\u00e9cnicas basadas en el cuerpo (som\u00e1ticas) con un enfoque en la liberaci\u00f3n de traumas.<\/p><p>El programa incluye sesiones guiadas de terapia de grupo y crea una comunidad segura para la reflexi\u00f3n interior y la curaci\u00f3n.<\/p>\t\t\t\t\t\t\t\t<\/div>\n\t\t\t\t<\/div>\n\t\t\t\t<div class=\"elementor-element elementor-element-c184b63 elementor-widget elementor-widget-heading\" data-id=\"c184b63\" data-element_type=\"widget\" data-e-type=\"widget\" data-widget_type=\"heading.default\">\n\t\t\t\t<div class=\"elementor-widget-container\">\n\t\t\t\t\t<h6 class=\"elementor-heading-title elementor-size-default\">El pr\u00f3ximo retiro se celebrar\u00e1 en 2026 en M\u00e9xico, en la zona de Canc\u00fan.<\/h6>\t\t\t\t<\/div>\n\t\t\t\t<\/div>\n\t\t\t\t<div class=\"elementor-element elementor-element-629f289 elementor-widget elementor-widget-text-editor\" data-id=\"629f289\" data-element_type=\"widget\" data-e-type=\"widget\" data-widget_type=\"text-editor.default\">\n\t\t\t\t<div class=\"elementor-widget-container\">\n\t\t\t\t\t\t\t\t\t<p>Si est\u00e1 interesado o desea m\u00e1s informaci\u00f3n, puede ponerse en contacto conmigo por correo electr\u00f3nico.<\/p>\t\t\t\t\t\t\t\t<\/div>\n\t\t\t\t<\/div>\n\t\t\t\t<div class=\"elementor-element elementor-element-ffa1ee0 elementor-mobile-align-justify elementor-widget-mobile__width-inherit elementor-widget elementor-widget-button\" data-id=\"ffa1ee0\" data-element_type=\"widget\" data-e-type=\"widget\" data-widget_type=\"button.default\">\n\t\t\t\t<div class=\"elementor-widget-container\">\n\t\t\t\t\t\t\t\t\t<div class=\"elementor-button-wrapper\">\n\t\t\t\t\t<a class=\"elementor-button elementor-button-link elementor-size-sm\" href=\"https:\/\/www.google.com\/\" target=\"_blank\">\n\t\t\t\t\t\t<span class=\"elementor-button-content-wrapper\">\n\t\t\t\t\t\t\t\t\t<span class=\"elementor-button-text\">M\u00e1s informaci\u00f3n sobre el Programa<\/span>\n\t\t\t\t\t<\/span>\n\t\t\t\t\t<\/a>\n\t\t\t\t<\/div>\n\t\t\t\t\t\t\t\t<\/div>\n\t\t\t\t<\/div>\n\t\t\t\t<\/div>\n\t\t\t\t\t<\/div>\n\t\t\t\t<\/div>\n\t\t\t\t<\/div>","protected":false},"excerpt":{"rendered":"<p>Billedet er fra retreatstedet Tag med p\u00e5 et n\u00e6nsomt og helende retreat Et unikt retreat, der kombinerer yoga og kropsbaserede (somatiske) teknikker med fokus p\u00e5 forl\u00f8sning af traumer. Forl\u00f8bet inkluderer guidede gruppeterapisessioner og skaber et trygt f\u00e6llesskab for indre fordybelse og heling. N\u00e6ste retreat afholdes i 2026 i Mexiko, Cancun-omr\u00e5det. Ved interesse eller \u00f8nske om [&hellip;]<\/p>\n","protected":false},"author":1,"featured_media":0,"parent":0,"menu_order":0,"comment_status":"closed","ping_status":"closed","template":"","meta":{"footnotes":""},"class_list":["post-1573","page","type-page","status-publish","hentry"],"yoast_head":"<!-- This site is optimized with the Yoast SEO plugin v26.7 - https:\/\/yoast.com\/wordpress\/plugins\/seo\/ -->\n<title>Synergy Retreats - EQ-Clinic<\/title>\n<meta name=\"robots\" content=\"index, follow, max-snippet:-1, max-image-preview:large, max-video-preview:-1\" \/>\n<link rel=\"canonical\" href=\"https:\/\/eq-clinic.com\/es\/synergy-retreats\/\" \/>\n<meta property=\"og:locale\" content=\"es_ES\" \/>\n<meta property=\"og:type\" content=\"article\" \/>\n<meta property=\"og:title\" content=\"Synergy Retreats - EQ-Clinic\" \/>\n<meta property=\"og:description\" content=\"Billedet er fra retreatstedet Tag med p\u00e5 et n\u00e6nsomt og helende retreat Et unikt retreat, der kombinerer yoga og kropsbaserede (somatiske) teknikker med fokus p\u00e5 forl\u00f8sning af traumer. Forl\u00f8bet inkluderer guidede gruppeterapisessioner og skaber et trygt f\u00e6llesskab for indre fordybelse og heling. N\u00e6ste retreat afholdes i 2026 i Mexiko, Cancun-omr\u00e5det. Ved interesse eller \u00f8nske om [&hellip;]\" \/>\n<meta property=\"og:url\" content=\"https:\/\/eq-clinic.com\/es\/synergy-retreats\/\" \/>\n<meta property=\"og:site_name\" content=\"EQ-Clinic\" \/>\n<meta property=\"article:modified_time\" content=\"2026-01-12T07:39:54+00:00\" \/>\n<meta property=\"og:image\" content=\"https:\/\/eq-clinic.com\/wp-content\/uploads\/IMG_3416-scaled.jpg\" \/>\n\t<meta property=\"og:image:width\" content=\"1536\" \/>\n\t<meta property=\"og:image:height\" content=\"2048\" \/>\n\t<meta property=\"og:image:type\" content=\"image\/jpeg\" \/>\n<meta name=\"twitter:card\" content=\"summary_large_image\" \/>\n<meta name=\"twitter:label1\" content=\"Tiempo de lectura\" \/>\n\t<meta name=\"twitter:data1\" content=\"1 minuto\" \/>\n<script type=\"application\/ld+json\" class=\"yoast-schema-graph\">{\"@context\":\"https:\/\/schema.org\",\"@graph\":[{\"@type\":\"WebPage\",\"@id\":\"https:\/\/eq-clinic.com\/synergy-retreats\/\",\"url\":\"https:\/\/eq-clinic.com\/synergy-retreats\/\",\"name\":\"Synergy Retreats - EQ-Clinic\",\"isPartOf\":{\"@id\":\"https:\/\/eq-clinic.com\/#website\"},\"primaryImageOfPage\":{\"@id\":\"https:\/\/eq-clinic.com\/synergy-retreats\/#primaryimage\"},\"image\":{\"@id\":\"https:\/\/eq-clinic.com\/synergy-retreats\/#primaryimage\"},\"thumbnailUrl\":\"https:\/\/eq-clinic.com\/wp-content\/uploads\/IMG_3416-768x1024.jpg\",\"datePublished\":\"2025-06-16T09:20:41+00:00\",\"dateModified\":\"2026-01-12T07:39:54+00:00\",\"inLanguage\":\"es\",\"potentialAction\":[{\"@type\":\"ReadAction\",\"target\":[\"https:\/\/eq-clinic.com\/synergy-retreats\/\"]}]},{\"@type\":\"ImageObject\",\"inLanguage\":\"es\",\"@id\":\"https:\/\/eq-clinic.com\/synergy-retreats\/#primaryimage\",\"url\":\"https:\/\/eq-clinic.com\/wp-content\/uploads\/IMG_3416-768x1024.jpg\",\"contentUrl\":\"https:\/\/eq-clinic.com\/wp-content\/uploads\/IMG_3416-768x1024.jpg\"},{\"@type\":\"WebSite\",\"@id\":\"https:\/\/eq-clinic.com\/#website\",\"url\":\"https:\/\/eq-clinic.com\/\",\"name\":\"EQ-Clinic\",\"description\":\"\",\"potentialAction\":[{\"@type\":\"SearchAction\",\"target\":{\"@type\":\"EntryPoint\",\"urlTemplate\":\"https:\/\/eq-clinic.com\/?s={search_term_string}\"},\"query-input\":{\"@type\":\"PropertyValueSpecification\",\"valueRequired\":true,\"valueName\":\"search_term_string\"}}],\"inLanguage\":\"es\"}]}<\/script>\n<!-- \/ Yoast SEO plugin. -->","yoast_head_json":{"title":"Synergy Retreats - EQ-Clinic","robots":{"index":"index","follow":"follow","max-snippet":"max-snippet:-1","max-image-preview":"max-image-preview:large","max-video-preview":"max-video-preview:-1"},"canonical":"https:\/\/eq-clinic.com\/es\/synergy-retreats\/","og_locale":"es_ES","og_type":"article","og_title":"Synergy Retreats - EQ-Clinic","og_description":"Billedet er fra retreatstedet Tag med p\u00e5 et n\u00e6nsomt og helende retreat Et unikt retreat, der kombinerer yoga og kropsbaserede (somatiske) teknikker med fokus p\u00e5 forl\u00f8sning af traumer. Forl\u00f8bet inkluderer guidede gruppeterapisessioner og skaber et trygt f\u00e6llesskab for indre fordybelse og heling. N\u00e6ste retreat afholdes i 2026 i Mexiko, Cancun-omr\u00e5det. Ved interesse eller \u00f8nske om [&hellip;]","og_url":"https:\/\/eq-clinic.com\/es\/synergy-retreats\/","og_site_name":"EQ-Clinic","article_modified_time":"2026-01-12T07:39:54+00:00","og_image":[{"width":1536,"height":2048,"url":"https:\/\/eq-clinic.com\/wp-content\/uploads\/IMG_3416-scaled.jpg","type":"image\/jpeg"}],"twitter_card":"summary_large_image","twitter_misc":{"Tiempo de lectura":"1 minuto"},"schema":{"@context":"https:\/\/schema.org","@graph":[{"@type":"WebPage","@id":"https:\/\/eq-clinic.com\/synergy-retreats\/","url":"https:\/\/eq-clinic.com\/synergy-retreats\/","name":"Synergy Retreats - EQ-Clinic","isPartOf":{"@id":"https:\/\/eq-clinic.com\/#website"},"primaryImageOfPage":{"@id":"https:\/\/eq-clinic.com\/synergy-retreats\/#primaryimage"},"image":{"@id":"https:\/\/eq-clinic.com\/synergy-retreats\/#primaryimage"},"thumbnailUrl":"https:\/\/eq-clinic.com\/wp-content\/uploads\/IMG_3416-768x1024.jpg","datePublished":"2025-06-16T09:20:41+00:00","dateModified":"2026-01-12T07:39:54+00:00","inLanguage":"es","potentialAction":[{"@type":"ReadAction","target":["https:\/\/eq-clinic.com\/synergy-retreats\/"]}]},{"@type":"ImageObject","inLanguage":"es","@id":"https:\/\/eq-clinic.com\/synergy-retreats\/#primaryimage","url":"https:\/\/eq-clinic.com\/wp-content\/uploads\/IMG_3416-768x1024.jpg","contentUrl":"https:\/\/eq-clinic.com\/wp-content\/uploads\/IMG_3416-768x1024.jpg"},{"@type":"WebSite","@id":"https:\/\/eq-clinic.com\/#website","url":"https:\/\/eq-clinic.com\/","name":"Cl\u00ednica EQ","description":"","potentialAction":[{"@type":"SearchAction","target":{"@type":"EntryPoint","urlTemplate":"https:\/\/eq-clinic.com\/?s={search_term_string}"},"query-input":{"@type":"PropertyValueSpecification","valueRequired":true,"valueName":"search_term_string"}}],"inLanguage":"es"}]}},"_links":{"self":[{"href":"https:\/\/eq-clinic.com\/es\/wp-json\/wp\/v2\/pages\/1573","targetHints":{"allow":["GET"]}}],"collection":[{"href":"https:\/\/eq-clinic.com\/es\/wp-json\/wp\/v2\/pages"}],"about":[{"href":"https:\/\/eq-clinic.com\/es\/wp-json\/wp\/v2\/types\/page"}],"author":[{"embeddable":true,"href":"https:\/\/eq-clinic.com\/es\/wp-json\/wp\/v2\/users\/1"}],"replies":[{"embeddable":true,"href":"https:\/\/eq-clinic.com\/es\/wp-json\/wp\/v2\/comments?post=1573"}],"version-history":[{"count":17,"href":"https:\/\/eq-clinic.com\/es\/wp-json\/wp\/v2\/pages\/1573\/revisions"}],"predecessor-version":[{"id":2463,"href":"https:\/\/eq-clinic.com\/es\/wp-json\/wp\/v2\/pages\/1573\/revisions\/2463"}],"wp:attachment":[{"href":"https:\/\/eq-clinic.com\/es\/wp-json\/wp\/v2\/media?parent=1573"}],"curies":[{"name":"wp","href":"https:\/\/api.w.org\/{rel}","templated":true}]}}