{"id":2445,"date":"2026-01-06T13:03:49","date_gmt":"2026-01-06T12:03:49","guid":{"rendered":"https:\/\/eq-clinic.com\/?page_id=2445"},"modified":"2026-01-06T13:12:47","modified_gmt":"2026-01-06T12:12:47","slug":"tilskud-og-betalingsmuligheder","status":"publish","type":"page","link":"https:\/\/eq-clinic.com\/en\/tilskud-og-betalingsmuligheder\/","title":{"rendered":"Subsidies and payment options"},"content":{"rendered":"<div data-elementor-type=\"wp-post\" data-elementor-id=\"2445\" class=\"elementor elementor-2445\" data-elementor-post-type=\"page\">\n\t\t\t\t<div class=\"elementor-element elementor-element-3c613b1 e-flex e-con-boxed e-con e-parent\" data-id=\"3c613b1\" data-element_type=\"container\" data-e-type=\"container\" data-settings=\"{&quot;background_background&quot;:&quot;classic&quot;}\">\n\t\t\t\t\t<div class=\"e-con-inner\">\n\t\t\t\t<div class=\"elementor-element elementor-element-028d3d2 elementor-widget elementor-widget-text-editor\" data-id=\"028d3d2\" data-element_type=\"widget\" data-e-type=\"widget\" data-widget_type=\"text-editor.default\">\n\t\t\t\t<div class=\"elementor-widget-container\">\n\t\t\t\t\t\t\t\t\t<p><strong><span style=\"font-size: 28px;\">Payment and Reimbursement Options for everyone<\/span><\/strong><\/p>\n\n<p><span style=\"font-size: 16px;\">At EQ-clinic, you have the option of paying for the examination and treatment yourself.<\/span><\/p>\n\n<p><span style=\"font-size: 16px;\">Payment can be made through Mobilpay, Paypal or bank transfer, either in Danish Kroner(DKK) or in EUR or HUF.<\/span><\/p>\n\n<p><strong><span style=\"font-size: 20px;\">If you have your own company or your employer pays<\/span><\/strong><\/p>\n\n<p><span style=\"font-size: 16px;\">If you have your own business, or if your employer covers the cost of treatment, the expense can generally be deducted as a business expense.\nPayment can be made via invoice and bank transfer.<\/span><\/p>\n\n<p><strong><span style=\"font-size: 20px;\">Reimbursement Options (requires a Danish CPR number)<\/span><\/strong><\/p>\n\n<p><strong><span style=\"font-size: 18px;\">Public Health Insurance \u2013 Group 2<\/span><\/strong><br>\n<span style=\"font-size: 16px;\">If you are a member of, or choose to switch to, Public Health Insurance Group 2, you may receive reimbursement for treatment with private specialist doctors without a referral.<\/span><\/p>\n\n<p><span style=\"font-size: 16px;\">You are eligible for regional reimbursement for your treatment. The reimbursement does not cover the full cost but corresponds to the standard adult psychiatry tariffs.\nThe reimbursed amount after each consultation is based on the current official tariff list. <em>Takstkor<\/em>.<\/span><\/p>\n\n<p><strong><span style=\"font-size: 18px;\">\u201cdanmark\u201d Health Insurance<\/span><\/strong><br>\n<span style=\"font-size: 16px;\">In some cases (Group 2), \u201cdanmark\u201d Health Insurance may provide reimbursement for your treatment.\nYou can contact \u201cdanmark\u201d Health Insurance for further information about reimbursement options:<\/span><\/p>\n\n<p><span style=\"font-size: 16px;\"><a href=\"https:\/\/www.sygeforsikring.dk\/tilskud\/speciallaeger\">https:\/\/www.sygeforsikring.dk\/tilskud\/speciallaeger<\/a><\/span><\/p>\n\n<p><span style=\"font-size: 16px;\">Please inform us that you are a member of \u201cdanmark\u201d Health Insurance when booking an appointment.<\/span><\/p>\n\n<p><strong><span style=\"font-size: 18px;\">Coverage through Private Health Insurance<\/span><\/strong><br>\n<span style=\"font-size: 16px;\">Your assessment and treatment course may be covered by your private health insurance, either personally or through your workplace.\nPlease contact your insurance provider for further information regarding approval for treatment with a psychiatrist.<\/span><\/p>\n\n<p><span style=\"font-size: 16px;\">Please note that in some cases, children may also be covered by private health insurance.<\/span><\/p>\n\t\t\t\t\t\t\t\t<\/div>\n\t\t\t\t<\/div>\n\t\t\t\t\t<\/div>\n\t\t\t\t<\/div>\n\t\t\t\t<\/div>","protected":false},"excerpt":{"rendered":"<p>Betaling og tilskudsmuligheder Hos EQ-clinic har du mulighed for selv at betale for udredning og behandlingsforl\u00f8b. Betaling kan ske igennem Mobilpay, Paypal eller bankoverf\u00f8rsel b\u00e5de i danske krone eller i Euro, HUF. Hvis du har eget firma Hvis du har eget firma, eller din arbejdsgiver vil betale behandlingen, kan udgiften tr\u00e6kkes fra. Betaling via faktura [&hellip;]<\/p>\n","protected":false},"author":1,"featured_media":0,"parent":0,"menu_order":0,"comment_status":"closed","ping_status":"closed","template":"","meta":{"footnotes":""},"class_list":["post-2445","page","type-page","status-publish","hentry"],"yoast_head":"<!-- This site is optimized with the Yoast SEO plugin v26.7 - https:\/\/yoast.com\/wordpress\/plugins\/seo\/ -->\n<title>Tilskud og betalingsmuligheder - EQ-Clinic<\/title>\n<meta name=\"robots\" content=\"index, follow, max-snippet:-1, max-image-preview:large, max-video-preview:-1\" \/>\n<link rel=\"canonical\" href=\"https:\/\/eq-clinic.com\/en\/tilskud-og-betalingsmuligheder\/\" \/>\n<meta property=\"og:locale\" content=\"en_US\" \/>\n<meta property=\"og:type\" content=\"article\" \/>\n<meta property=\"og:title\" content=\"Tilskud og betalingsmuligheder - EQ-Clinic\" \/>\n<meta property=\"og:description\" content=\"Betaling og tilskudsmuligheder Hos EQ-clinic har du mulighed for selv at betale for udredning og behandlingsforl\u00f8b. Betaling kan ske igennem Mobilpay, Paypal eller bankoverf\u00f8rsel b\u00e5de i danske krone eller i Euro, HUF. Hvis du har eget firma Hvis du har eget firma, eller din arbejdsgiver vil betale behandlingen, kan udgiften tr\u00e6kkes fra. Betaling via faktura [&hellip;]\" \/>\n<meta property=\"og:url\" content=\"https:\/\/eq-clinic.com\/en\/tilskud-og-betalingsmuligheder\/\" \/>\n<meta property=\"og:site_name\" content=\"EQ-Clinic\" \/>\n<meta property=\"article:modified_time\" content=\"2026-01-06T12:12:47+00:00\" \/>\n<meta name=\"twitter:card\" content=\"summary_large_image\" \/>\n<meta name=\"twitter:label1\" content=\"Est. reading time\" \/>\n\t<meta name=\"twitter:data1\" content=\"2 minutes\" \/>\n<script type=\"application\/ld+json\" class=\"yoast-schema-graph\">{\"@context\":\"https:\/\/schema.org\",\"@graph\":[{\"@type\":\"WebPage\",\"@id\":\"https:\/\/eq-clinic.com\/tilskud-og-betalingsmuligheder\/\",\"url\":\"https:\/\/eq-clinic.com\/tilskud-og-betalingsmuligheder\/\",\"name\":\"Tilskud og betalingsmuligheder - EQ-Clinic\",\"isPartOf\":{\"@id\":\"https:\/\/eq-clinic.com\/#website\"},\"datePublished\":\"2026-01-06T12:03:49+00:00\",\"dateModified\":\"2026-01-06T12:12:47+00:00\",\"inLanguage\":\"en-US\",\"potentialAction\":[{\"@type\":\"ReadAction\",\"target\":[\"https:\/\/eq-clinic.com\/tilskud-og-betalingsmuligheder\/\"]}]},{\"@type\":\"WebSite\",\"@id\":\"https:\/\/eq-clinic.com\/#website\",\"url\":\"https:\/\/eq-clinic.com\/\",\"name\":\"EQ-Clinic\",\"description\":\"\",\"potentialAction\":[{\"@type\":\"SearchAction\",\"target\":{\"@type\":\"EntryPoint\",\"urlTemplate\":\"https:\/\/eq-clinic.com\/?s={search_term_string}\"},\"query-input\":{\"@type\":\"PropertyValueSpecification\",\"valueRequired\":true,\"valueName\":\"search_term_string\"}}],\"inLanguage\":\"en-US\"}]}<\/script>\n<!-- \/ Yoast SEO plugin. -->","yoast_head_json":{"title":"Tilskud og betalingsmuligheder - EQ-Clinic","robots":{"index":"index","follow":"follow","max-snippet":"max-snippet:-1","max-image-preview":"max-image-preview:large","max-video-preview":"max-video-preview:-1"},"canonical":"https:\/\/eq-clinic.com\/en\/tilskud-og-betalingsmuligheder\/","og_locale":"en_US","og_type":"article","og_title":"Tilskud og betalingsmuligheder - EQ-Clinic","og_description":"Betaling og tilskudsmuligheder Hos EQ-clinic har du mulighed for selv at betale for udredning og behandlingsforl\u00f8b. Betaling kan ske igennem Mobilpay, Paypal eller bankoverf\u00f8rsel b\u00e5de i danske krone eller i Euro, HUF. Hvis du har eget firma Hvis du har eget firma, eller din arbejdsgiver vil betale behandlingen, kan udgiften tr\u00e6kkes fra. Betaling via faktura [&hellip;]","og_url":"https:\/\/eq-clinic.com\/en\/tilskud-og-betalingsmuligheder\/","og_site_name":"EQ-Clinic","article_modified_time":"2026-01-06T12:12:47+00:00","twitter_card":"summary_large_image","twitter_misc":{"Est. reading time":"2 minutes"},"schema":{"@context":"https:\/\/schema.org","@graph":[{"@type":"WebPage","@id":"https:\/\/eq-clinic.com\/tilskud-og-betalingsmuligheder\/","url":"https:\/\/eq-clinic.com\/tilskud-og-betalingsmuligheder\/","name":"Tilskud og betalingsmuligheder - EQ-Clinic","isPartOf":{"@id":"https:\/\/eq-clinic.com\/#website"},"datePublished":"2026-01-06T12:03:49+00:00","dateModified":"2026-01-06T12:12:47+00:00","inLanguage":"en-US","potentialAction":[{"@type":"ReadAction","target":["https:\/\/eq-clinic.com\/tilskud-og-betalingsmuligheder\/"]}]},{"@type":"WebSite","@id":"https:\/\/eq-clinic.com\/#website","url":"https:\/\/eq-clinic.com\/","name":"EQ Clinic","description":"","potentialAction":[{"@type":"SearchAction","target":{"@type":"EntryPoint","urlTemplate":"https:\/\/eq-clinic.com\/?s={search_term_string}"},"query-input":{"@type":"PropertyValueSpecification","valueRequired":true,"valueName":"search_term_string"}}],"inLanguage":"en-US"}]}},"_links":{"self":[{"href":"https:\/\/eq-clinic.com\/en\/wp-json\/wp\/v2\/pages\/2445","targetHints":{"allow":["GET"]}}],"collection":[{"href":"https:\/\/eq-clinic.com\/en\/wp-json\/wp\/v2\/pages"}],"about":[{"href":"https:\/\/eq-clinic.com\/en\/wp-json\/wp\/v2\/types\/page"}],"author":[{"embeddable":true,"href":"https:\/\/eq-clinic.com\/en\/wp-json\/wp\/v2\/users\/1"}],"replies":[{"embeddable":true,"href":"https:\/\/eq-clinic.com\/en\/wp-json\/wp\/v2\/comments?post=2445"}],"version-history":[{"count":7,"href":"https:\/\/eq-clinic.com\/en\/wp-json\/wp\/v2\/pages\/2445\/revisions"}],"predecessor-version":[{"id":2453,"href":"https:\/\/eq-clinic.com\/en\/wp-json\/wp\/v2\/pages\/2445\/revisions\/2453"}],"wp:attachment":[{"href":"https:\/\/eq-clinic.com\/en\/wp-json\/wp\/v2\/media?parent=2445"}],"curies":[{"name":"wp","href":"https:\/\/api.w.org\/{rel}","templated":true}]}}